{"id":1028,"date":"2025-07-29T09:00:35","date_gmt":"2025-07-29T07:00:35","guid":{"rendered":"https:\/\/espoocine.fi\/?page_id=1028"},"modified":"2025-08-14T11:20:09","modified_gmt":"2025-08-14T09:20:09","slug":"special-screenings-and-events","status":"publish","type":"page","link":"https:\/\/espoocine.fi\/en\/programme\/special-screenings-and-events\/","title":{"rendered":"Special Screenings and Events"},"content":{"rendered":"<div class=\"ec-text\">\n  <div class=\"inner\">\n    <div class=\"acf-innerblocks-container\">\n\n<h2 class=\"wp-block-heading\"><br>Special Screenings and Events<br><\/h2>\n\n<\/div>\n  <\/div>\n<\/div>\n\n<div class=\"ec-text\">\n  <div class=\"inner\">\n    <div class=\"acf-innerblocks-container\">\n\n<h2 class=\"wp-block-heading has-medium-font-size\"><br>Pre-festival Screening: Outsider Art Festival x Espoo Cin\u00e9<\/h2>\n\n\n\n<p><strong>Tuesday, 19 August, 16.30\u201320.00 | Kino Tapiola<\/strong><\/p>\n\n\n\n<p>Get into the festival spirit before the official opening day! This year, Espoo Cin\u00e9 and the <a href=\"https:\/\/outsiderart.fi\/en\/outsider-art-festival-news\/\">Outsider Art Festival<\/a> (OAF), dedicated to outsider art, are joining forces to present an exciting selection of fresh short films. In addition to the nine films, Tuesday, 19 August will also feature performances by <a href=\"https:\/\/outsiderart.fi\/en\/kalevi-helvetti\/\">Kalevi Helvetti<\/a> as well as <strong>Satu Tani <\/strong>and <strong>Maima Tani<\/strong>.<\/p>\n\n\n\n<p>The OAF short film screening will also be shown again during Espoo Cin\u00e9, on Sunday, 24 August at Louhisali. Tickets for the screenings will be available on the Espoo Cin\u00e9 website starting 5 August. Read more about the films and screenings <a href=\"https:\/\/espoocine.fi\/en\/programme\/screenings-2025\/film\/appXAzpYEEFnmg20J:tbl3ERifl3tqREFm8\/recpG5BqxpBu2uUiK\/outsider-art-festival-x-espoo-cine-welcome-unwelcomes\">here<\/a>!<br><br><\/p>\n\n<\/div>\n  <\/div>\n<\/div>\n\n<div class=\"ec-text\">\n  <div class=\"inner\">\n    <div class=\"acf-innerblocks-container\">\n\n<h2 class=\"wp-block-heading has-medium-font-size\"><br>Sinun Cin\u00e9 Idea Competition<\/h2>\n\n\n\n<p><strong>Friday, 22 Aug, 12:30\u201317:15 | Kino Tapiola<\/strong><\/p>\n\n\n\n<p>The Espoo Cin\u00e9 Idea Competition <a href=\"https:\/\/espoocine.fi\/en\/professionals\/your-cine\/\">Sinun Cin\u00e9<\/a> culminates on August 22! Now in its fourth edition, the competition is aimed at aspiring filmmakers from underrepresented minority groups within the Finnish media landscape. On the opening day of Espoo Cin\u00e9, Kino Tapiola will host not only the finalist pitches of Sinun Cin\u00e9, but also talks and panel <a href=\"https:\/\/espoocine.fi\/en\/programme\/discussions\/\">discussion<\/a> by professionals from the film and TV industry. Read more<a href=\"https:\/\/espoocine.fi\/en\/professionals\/your-cine\/\"> here<\/a>!<\/p>\n\n\n\n<p><strong>12:30\u201314:30 <\/strong>Panel Discussion<strong><br><\/strong> <strong>14:45\u201316:00 <\/strong>Pitches<strong><br><\/strong> <strong>17:00 <\/strong>Announcement of the Sinun Cin\u00e9 Winner<\/p>\n\n\n\n<p>The event is open to the public and free of charge, and the language of the event is English. <a href=\"https:\/\/espoocine.fi\/en\/info\/accessibility\/\">Accessibility info<\/a>.<br><br><em>Sinun Cin\u00e9 idea competition is supported by AVEK, the City of Espoo and Finnish Film Affair.<\/em><br><\/p>\n\n<\/div>\n  <\/div>\n<\/div>\n\n<div class=\"ec-text\">\n  <div class=\"inner\">\n    <div class=\"acf-innerblocks-container\">\n\n<h2 class=\"wp-block-heading has-medium-font-size\"><br>Opening Screening: Leave One Day<\/h2>\n\n\n\n<p><strong>Friday, 22 Aug, 18:30 | Louhisali<\/strong><br><\/p>\n\n\n\n<p>The opening of Espoo Cin\u00e9 will be celebrated on Friday, 22 August, in Louhisali at the Espoo Cultural Centre. At the start of the screening, the 2025 Espoo Cin\u00e9 Award and the <a href=\"https:\/\/espoocine.fi\/en\/professionals\/your-cine\/\">Sinun Cin\u00e9<\/a> idea competition prize will be presented.<\/p>\n\n\n\n<p>Am\u00e9lie Bonnin\u2019s bittersweet musical <em><a href=\"https:\/\/espoocine.fi\/en\/programme\/screenings-2025\/film\/appXAzpYEEFnmg20J%3Atbl3ERifl3tqREFm8\/rec5vZMNOaiXRBSzX\/leave-one-day\">Leave One Day<\/a><\/em> is the first debut film ever to have the honor of opening the Cannes Film Festival \u2013 and now it will also open Espoo Cin\u00e9! In the film, France\u2019s pop queen Juliette Armanet dazzles on the big screen as a top chef who is forced to return to her hometown. Read more and buy tickets for the screening <a href=\"https:\/\/espoocine.fi\/en\/programme\/screenings-2025\/film\/appXAzpYEEFnmg20J%3Atbl3ERifl3tqREFm8\/rec5vZMNOaiXRBSzX\/leave-one-day\">here<\/a>.<br><\/p>\n\n<\/div>\n  <\/div>\n<\/div>\n\n<div class=\"ec-text\">\n  <div class=\"inner\">\n    <div class=\"acf-innerblocks-container\">\n\n<h2 class=\"wp-block-heading has-medium-font-size\"><br><br>After Party of the Opening Screening<\/h2>\n\n\n\n<p><strong>Friday, 22 Aug, 20:30\u201300:30 | Kino Tapiola<\/strong><\/p>\n\n\n\n<p>After the opening screening, the evening can continue at Kino Tapiola in a relaxed social setting, accompanied by delicious refreshments! The Kino Tapiola terrace will be open until 10:00 pm, but last call at the Kino Bar won\u2019t be until midnight. You are warmly welcome!<br><\/p>\n\n<\/div>\n  <\/div>\n<\/div>\n\n<div class=\"ec-text\">\n  <div class=\"inner\">\n    <div class=\"acf-innerblocks-container\">\n\n<h2 class=\"wp-block-heading has-medium-font-size\"><br><br>Family Day<\/h2>\n\n\n\n<p><strong>Saturday, 23 Aug, 10:30\u201316:00 | Kino Tapiola and Espoo Cultural Centre<\/strong><\/p>\n\n\n\n<p>Espoo Cin\u00e9\u2019s Family Day takes over Tapiola on Saturday, 23 Aug starting at 10:30 \u2013 Welcome to enjoy the festival atmosphere with the whole family! There will be film screenings, dog friends, and movie-themed activities at Kino Tapiola and Tapiola Library, both indoors and outdoors.<\/p>\n\n\n\n<p>The Family Day culminates with a free screening of the feature film&nbsp;<em>Itty Bitty Princess<\/em>&nbsp;at the Cultural Centre\u2019s Louhisali Hall at 16:00. The screening is organized in collaboration with Yle and admission is free. Please note that tickets for&nbsp;<em><em>Itty Bitty Princess<\/em><\/em>&nbsp;must be reserved on our website or at our ticket sales point. <\/p>\n\n\n\n<p><strong>Screening Schedule:<\/strong><\/p>\n\n\n\n<p><strong>10.30 <\/strong><a href=\"https:\/\/espoocine.fi\/en\/programme\/screenings-2025\/film\/appXAzpYEEFnmg20J:tbl3ERifl3tqREFm8\/recokBh8xZpW46ewu\/childrens-shorts\"><em>Children&#8217;s Animations<\/em><\/a> | Kino Tapiola<br><strong>12.00 <\/strong><em><a href=\"https:\/\/espoocine.fi\/en\/programme\/screenings-2025\/film\/appXAzpYEEFnmg20J:tbl3ERifl3tqREFm8\/recokBh8xZpW46ewu\/childrens-shorts\">Children&#8217;s Animations<\/a><\/em>&nbsp;| Kino Tapiola<br><strong>16.00 <\/strong><a href=\"https:\/\/espoocine.fi\/en\/programme\/screenings-2025\/film\/appXAzpYEEFnmg20J:tbl3ERifl3tqREFm8\/rechpzJcA2VPMK7fA\/itty-bitty-princess\"><em>Itty Bitty Princess<\/em>&nbsp;<\/a>| Louhisali<br><\/p>\n\n<\/div>\n  <\/div>\n<\/div>\n\n<div class=\"ec-text\">\n  <div class=\"inner\">\n    <div class=\"acf-innerblocks-container\">\n\n<h2 class=\"wp-block-heading has-medium-font-size\"><br><br>Crip Cin\u00e9 Gala Screening<\/h2>\n\n\n\n<p><strong><strong>Tuesday, 26 Aug, 17:30 | <\/strong>Louhisali<\/strong><\/p>\n\n\n\n<p>In this year&#8217;s Crip Cin\u00e9 gala film \u00c9lisabeth, a hard-of-hearing woman, struggles with her underpaid job during the Olympic Games in Paris. Elijah, a carefree Californian, disrupts her balance.<\/p>\n\n\n\n<p>First held in 2021, Crip Cin\u00e9 is a dedicated strand within Espoo Cin\u00e9\u2019s year-round programme, focusing on documentary and fiction films that shed light on the living conditions of disabled people. In spring 2025, Espoo Cin\u00e9 organised the first-ever standalone Crip Cin\u00e9 mini-festival, separate from the August edition of Espoo Cin\u00e9. At the August festival, six Crip Cin\u00e9 films can be found under the Crip Cin\u00e9 theme on the <a href=\"https:\/\/espoocine.fi\/en\/programme\/screenings-2025\/\">screenings page<\/a>.<br><\/p>\n\n<\/div>\n  <\/div>\n<\/div>\n\n<div class=\"ec-text\">\n  <div class=\"inner\">\n    <div class=\"acf-innerblocks-container\">\n\n<h2 class=\"wp-block-heading has-medium-font-size\"><br><br>Film Pub Quiz&nbsp;<\/h2>\n\n\n\n<p><strong>Tuesday, 26 Aug, 19:30 | Kino Tapiola terrace<\/strong><\/p>\n\n\n\n<p>On Tuesday evening at Kino\u2019s terrace, there will be plenty to chew on \u2013 literally for the mind \u2013 as Espoo Cin\u00e9\u2019s tantalising movie quiz tickles the festival crowd\u2019s brain cells. Form a team of 1\u20135 people \u2013 prizes await!<br><\/p>\n\n<\/div>\n  <\/div>\n<\/div>\n\n<div class=\"ec-text\">\n  <div class=\"inner\">\n    <div class=\"acf-innerblocks-container\">\n\n<h2 class=\"wp-block-heading has-medium-font-size\"><br><br>Finnish Gala Screening<\/h2>\n\n\n\n<p><strong>Wednesday, 27 Aug, 18:30 | Louhisali<\/strong><\/p>\n\n\n\n<p>At Espoo Cin\u00e9\u2019s traditional Finnish Gala Film Screening, Ulla Heikkil\u00e4\u2019s<em> <a href=\"https:\/\/espoocine.fi\/en\/programme\/screenings-2025\/film\/appXAzpYEEFnmg20J%3Atbl3ERifl3tqREFm8\/recov7yxiUzkZ1FXJ\/summer-is-crazy\">Summer Is Crazy<\/a> <\/em>will be shown. A dreamy midsummer night in archipelago reveals its dark nuances, when inevitable disappointments mingle with possibilities for new beginnings, even love. Special guests include director Ulla Heikkil\u00e4 and actors Aamu Milonoff, Bruno Baer, and Jussi Vatanen. Read more and buy tickets for the screening <a href=\"https:\/\/espoocine.fi\/en\/programme\/screenings-2025\/film\/appXAzpYEEFnmg20J%3Atbl3ERifl3tqREFm8\/recov7yxiUzkZ1FXJ\/summer-is-crazy\">here<\/a>.<br><\/p>\n\n<\/div>\n  <\/div>\n<\/div>\n\n<div class=\"ec-text\">\n  <div class=\"inner\">\n    <div class=\"acf-innerblocks-container\">\n\n<h2 class=\"wp-block-heading has-medium-font-size\"><br><br>After party of the Finnish Gala Screening<\/h2>\n\n\n\n<p><strong>Wednesday, 27 Aug, 21:00 | Kino Tapiola<\/strong><\/p>\n\n\n\n<p>After the opening screening, the evening can continue at Kino Tapiola in a relaxed social setting, accompanied by delicious refreshments! The Kino Tapiola terrace will be open until 10:00 pm, but last call at the Kino Bar won\u2019t be until midnight. You are warmly welcome!<br><\/p>\n\n<\/div>\n  <\/div>\n<\/div>\n\n<div class=\"ec-text\">\n  <div class=\"inner\">\n    <div class=\"acf-innerblocks-container\">\n\n<h2 class=\"wp-block-heading has-medium-font-size\"><br><br>Finnish Indie Night<\/h2>\n\n\n\n<p><strong>Friday, 29 Aug, from 17:00 | Kino Konepaja<\/strong><\/p>\n\n\n\n<p>More info coming soon!<br><\/p>\n\n<\/div>\n  <\/div>\n<\/div>\n\n<div class=\"ec-text\">\n  <div class=\"inner\">\n    <div class=\"acf-innerblocks-container\">\n\n<h2 class=\"wp-block-heading has-medium-font-size\"><br><br>WeeGee x Espoo Cin\u00e9 Outdoor Screening: The Young Girls of Rochefort<\/h2>\n\n\n\n<p><strong>Saturday, 30 Aug, 21:30 | Exhibition Centre WeeGee<\/strong><\/p>\n\n\n\n<p>The event is free and open to all ages!<\/p>\n\n\n\n<p>Espoo Cin\u00e9 and WeeGee present on Espoo Day an outdoor screening of <strong>Jacques Demy<\/strong>\u2019s beloved musical classic&nbsp;<em><a href=\"https:\/\/espoocine.fi\/ohjelmisto\/naytokset\/elokuva\/appXAzpYEEFnmg20J:tbl3ERifl3tqREFm8\/rec0GdbqVCEeRfix5\/rochefortin-tytot\">The Young Girls of Rochefort<\/a><\/em>&nbsp;(1967). The film is a follow-up to the collaboration between Demy, composer <strong>Michel Legrand<\/strong>, and the iconic <strong>Catherine Deneuve<\/strong>, who captivated the world with&nbsp;<em>The Umbrellas of Cherbourg<\/em>&nbsp;(1964). This classic musical is perfect for a summer evening \u2014 the colors are beautiful and the emotions grand. The film is in French with Finnish subtitles.<\/p>\n\n\n\n<p>WeeGee\u2019s courtyard will be softened with a grass mat, but do bring your picnic blanket for comfort! The area is accessible (<a href=\"https:\/\/www.espoo.fi\/en\/accessibility-and-equality-exhibition-centre-weegee\">see here for more details<\/a>). Restrooms are located inside the exhibition centre.<\/p>\n\n\n\n<p>WeeGee is about a 15-minute walk from Tapiola metro station. It\u2019s also accessible by buses 111, 113, 548, and 549. There is a city bike station right next to WeeGee, and bike racks for your own bike. Parking space is limited and paid.<br><\/p>\n\n<\/div>\n  <\/div>\n<\/div>\n\n  <div class=\"ec-image\">\n    <img decoding=\"async\" src=\"https&#x3A;&#x2F;&#x2F;espoocine.fi&#x2F;wp-content&#x2F;uploads&#x2F;2025&#x2F;07&#x2F;2-3-1024x439.png\" alt=\"\" \/>\n  <\/div>\n\n\n\n<p><\/p>\n","protected":false},"excerpt":{"rendered":"","protected":false},"author":3,"featured_media":0,"parent":928,"menu_order":0,"comment_status":"closed","ping_status":"closed","template":"","meta":{"_acf_changed":false,"footnotes":""},"class_list":["post-1028","page","type-page","status-publish","hentry"],"acf":[],"yoast_head":"<!-- This site is optimized with the Yoast SEO plugin v27.1.1 - https:\/\/yoast.com\/product\/yoast-seo-wordpress\/ -->\n<title>Special Screenings and Events - Espoo Cin\u00e9<\/title>\n<meta name=\"robots\" content=\"index, follow, max-snippet:-1, max-image-preview:large, max-video-preview:-1\" \/>\n<link rel=\"canonical\" href=\"https:\/\/espoocine.fi\/en\/programme\/special-screenings-and-events\/\" \/>\n<meta property=\"og:locale\" content=\"en_US\" \/>\n<meta property=\"og:type\" content=\"article\" \/>\n<meta property=\"og:title\" content=\"Special Screenings and Events - Espoo Cin\u00e9\" \/>\n<meta property=\"og:url\" content=\"https:\/\/espoocine.fi\/en\/programme\/special-screenings-and-events\/\" \/>\n<meta property=\"og:site_name\" content=\"Espoo Cin\u00e9\" \/>\n<meta property=\"article:publisher\" content=\"https:\/\/www.facebook.com\/espoocine\/\" \/>\n<meta property=\"article:modified_time\" content=\"2025-08-14T09:20:09+00:00\" \/>\n<meta property=\"og:image\" content=\"https:\/\/espoocine.fi\/wp-content\/uploads\/2025\/07\/EspooCine_web_listakuva_1200x631.png\" \/>\n\t<meta property=\"og:image:width\" content=\"1200\" \/>\n\t<meta property=\"og:image:height\" content=\"631\" \/>\n\t<meta property=\"og:image:type\" content=\"image\/png\" \/>\n<meta name=\"twitter:card\" content=\"summary_large_image\" \/>\n<meta name=\"twitter:label1\" content=\"Est. reading time\" \/>\n\t<meta name=\"twitter:data1\" content=\"7 minutes\" \/>\n<script type=\"application\/ld+json\" class=\"yoast-schema-graph\">{\"@context\":\"https:\/\/schema.org\",\"@graph\":[{\"@type\":\"WebPage\",\"@id\":\"https:\/\/espoocine.fi\/en\/programme\/special-screenings-and-events\/\",\"url\":\"https:\/\/espoocine.fi\/en\/programme\/special-screenings-and-events\/\",\"name\":\"Special Screenings and Events - Espoo Cin\u00e9\",\"isPartOf\":{\"@id\":\"https:\/\/espoocine.fi\/en\/#website\"},\"datePublished\":\"2025-07-29T07:00:35+00:00\",\"dateModified\":\"2025-08-14T09:20:09+00:00\",\"breadcrumb\":{\"@id\":\"https:\/\/espoocine.fi\/en\/programme\/special-screenings-and-events\/#breadcrumb\"},\"inLanguage\":\"en-US\",\"potentialAction\":[{\"@type\":\"ReadAction\",\"target\":[\"https:\/\/espoocine.fi\/en\/programme\/special-screenings-and-events\/\"]}]},{\"@type\":\"BreadcrumbList\",\"@id\":\"https:\/\/espoocine.fi\/en\/programme\/special-screenings-and-events\/#breadcrumb\",\"itemListElement\":[{\"@type\":\"ListItem\",\"position\":1,\"name\":\"Home\",\"item\":\"https:\/\/espoocine.fi\/en\/\"},{\"@type\":\"ListItem\",\"position\":2,\"name\":\"Programme\",\"item\":\"https:\/\/espoocine.fi\/en\/programme\/\"},{\"@type\":\"ListItem\",\"position\":3,\"name\":\"Special Screenings and Events\"}]},{\"@type\":\"WebSite\",\"@id\":\"https:\/\/espoocine.fi\/en\/#website\",\"url\":\"https:\/\/espoocine.fi\/en\/\",\"name\":\"Espoo Cin\u00e9\",\"description\":\"\",\"publisher\":{\"@id\":\"https:\/\/espoocine.fi\/en\/#organization\"},\"potentialAction\":[{\"@type\":\"SearchAction\",\"target\":{\"@type\":\"EntryPoint\",\"urlTemplate\":\"https:\/\/espoocine.fi\/en\/?s={search_term_string}\"},\"query-input\":{\"@type\":\"PropertyValueSpecification\",\"valueRequired\":true,\"valueName\":\"search_term_string\"}}],\"inLanguage\":\"en-US\"},{\"@type\":\"Organization\",\"@id\":\"https:\/\/espoocine.fi\/en\/#organization\",\"name\":\"Espoo Cin\u00e9\",\"url\":\"https:\/\/espoocine.fi\/en\/\",\"logo\":{\"@type\":\"ImageObject\",\"inLanguage\":\"en-US\",\"@id\":\"https:\/\/espoocine.fi\/en\/#\/schema\/logo\/image\/\",\"url\":\"https:\/\/espoocine.fi\/wp-content\/uploads\/2025\/07\/EC_logo_Icon_BP-copy.png\",\"contentUrl\":\"https:\/\/espoocine.fi\/wp-content\/uploads\/2025\/07\/EC_logo_Icon_BP-copy.png\",\"width\":613,\"height\":278,\"caption\":\"Espoo Cin\u00e9\"},\"image\":{\"@id\":\"https:\/\/espoocine.fi\/en\/#\/schema\/logo\/image\/\"},\"sameAs\":[\"https:\/\/www.facebook.com\/espoocine\/\",\"https:\/\/www.instagram.com\/espoocine\/\",\"https:\/\/letterboxd.com\/espoocine\/\"]}]}<\/script>\n<!-- \/ Yoast SEO plugin. -->","yoast_head_json":{"title":"Special Screenings and Events - Espoo Cin\u00e9","robots":{"index":"index","follow":"follow","max-snippet":"max-snippet:-1","max-image-preview":"max-image-preview:large","max-video-preview":"max-video-preview:-1"},"canonical":"https:\/\/espoocine.fi\/en\/programme\/special-screenings-and-events\/","og_locale":"en_US","og_type":"article","og_title":"Special Screenings and Events - Espoo Cin\u00e9","og_url":"https:\/\/espoocine.fi\/en\/programme\/special-screenings-and-events\/","og_site_name":"Espoo Cin\u00e9","article_publisher":"https:\/\/www.facebook.com\/espoocine\/","article_modified_time":"2025-08-14T09:20:09+00:00","og_image":[{"width":1200,"height":631,"url":"https:\/\/espoocine.fi\/wp-content\/uploads\/2025\/07\/EspooCine_web_listakuva_1200x631.png","type":"image\/png"}],"twitter_card":"summary_large_image","twitter_misc":{"Est. reading time":"7 minutes"},"schema":{"@context":"https:\/\/schema.org","@graph":[{"@type":"WebPage","@id":"https:\/\/espoocine.fi\/en\/programme\/special-screenings-and-events\/","url":"https:\/\/espoocine.fi\/en\/programme\/special-screenings-and-events\/","name":"Special Screenings and Events - Espoo Cin\u00e9","isPartOf":{"@id":"https:\/\/espoocine.fi\/en\/#website"},"datePublished":"2025-07-29T07:00:35+00:00","dateModified":"2025-08-14T09:20:09+00:00","breadcrumb":{"@id":"https:\/\/espoocine.fi\/en\/programme\/special-screenings-and-events\/#breadcrumb"},"inLanguage":"en-US","potentialAction":[{"@type":"ReadAction","target":["https:\/\/espoocine.fi\/en\/programme\/special-screenings-and-events\/"]}]},{"@type":"BreadcrumbList","@id":"https:\/\/espoocine.fi\/en\/programme\/special-screenings-and-events\/#breadcrumb","itemListElement":[{"@type":"ListItem","position":1,"name":"Home","item":"https:\/\/espoocine.fi\/en\/"},{"@type":"ListItem","position":2,"name":"Programme","item":"https:\/\/espoocine.fi\/en\/programme\/"},{"@type":"ListItem","position":3,"name":"Special Screenings and Events"}]},{"@type":"WebSite","@id":"https:\/\/espoocine.fi\/en\/#website","url":"https:\/\/espoocine.fi\/en\/","name":"Espoo Cin\u00e9","description":"","publisher":{"@id":"https:\/\/espoocine.fi\/en\/#organization"},"potentialAction":[{"@type":"SearchAction","target":{"@type":"EntryPoint","urlTemplate":"https:\/\/espoocine.fi\/en\/?s={search_term_string}"},"query-input":{"@type":"PropertyValueSpecification","valueRequired":true,"valueName":"search_term_string"}}],"inLanguage":"en-US"},{"@type":"Organization","@id":"https:\/\/espoocine.fi\/en\/#organization","name":"Espoo Cin\u00e9","url":"https:\/\/espoocine.fi\/en\/","logo":{"@type":"ImageObject","inLanguage":"en-US","@id":"https:\/\/espoocine.fi\/en\/#\/schema\/logo\/image\/","url":"https:\/\/espoocine.fi\/wp-content\/uploads\/2025\/07\/EC_logo_Icon_BP-copy.png","contentUrl":"https:\/\/espoocine.fi\/wp-content\/uploads\/2025\/07\/EC_logo_Icon_BP-copy.png","width":613,"height":278,"caption":"Espoo Cin\u00e9"},"image":{"@id":"https:\/\/espoocine.fi\/en\/#\/schema\/logo\/image\/"},"sameAs":["https:\/\/www.facebook.com\/espoocine\/","https:\/\/www.instagram.com\/espoocine\/","https:\/\/letterboxd.com\/espoocine\/"]}]}},"_links":{"self":[{"href":"https:\/\/espoocine.fi\/en\/wp-json\/wp\/v2\/pages\/1028","targetHints":{"allow":["GET"]}}],"collection":[{"href":"https:\/\/espoocine.fi\/en\/wp-json\/wp\/v2\/pages"}],"about":[{"href":"https:\/\/espoocine.fi\/en\/wp-json\/wp\/v2\/types\/page"}],"author":[{"embeddable":true,"href":"https:\/\/espoocine.fi\/en\/wp-json\/wp\/v2\/users\/3"}],"replies":[{"embeddable":true,"href":"https:\/\/espoocine.fi\/en\/wp-json\/wp\/v2\/comments?post=1028"}],"version-history":[{"count":39,"href":"https:\/\/espoocine.fi\/en\/wp-json\/wp\/v2\/pages\/1028\/revisions"}],"predecessor-version":[{"id":2458,"href":"https:\/\/espoocine.fi\/en\/wp-json\/wp\/v2\/pages\/1028\/revisions\/2458"}],"up":[{"embeddable":true,"href":"https:\/\/espoocine.fi\/en\/wp-json\/wp\/v2\/pages\/928"}],"wp:attachment":[{"href":"https:\/\/espoocine.fi\/en\/wp-json\/wp\/v2\/media?parent=1028"}],"curies":[{"name":"wp","href":"https:\/\/api.w.org\/{rel}","templated":true}]}}