{"id":939,"date":"2025-06-08T11:51:34","date_gmt":"2025-06-08T09:51:34","guid":{"rendered":"https:\/\/espoocine.fi\/?page_id=939"},"modified":"2025-08-21T12:52:42","modified_gmt":"2025-08-21T10:52:42","slug":"etusivu","status":"publish","type":"page","link":"https:\/\/espoocine.fi\/en\/","title":{"rendered":"Etusivu"},"content":{"rendered":"<main id=\"main\" class=\"index\">\n  <div class=\"acf-innerblocks-container\">\n<div class=\"ec-heroimage\">\n      <img loading=\"lazy\" decoding=\"async\" src=\"https&#x3A;&#x2F;&#x2F;espoocine.fi&#x2F;wp-content&#x2F;uploads&#x2F;2025&#x2F;06&#x2F;2025-vaaka.png.webp\" width=\"1400\" height=\"600\" alt=\"Hero\" \/>\n  <\/div>\n\n<div class=\"ec-someribbon\">\n      <a href=\"https&#x3A;&#x2F;&#x2F;instagram.com&#x2F;espoocine\" class=\"ig\" target=\"_blank\" rel=\"noreferer noopener\">\n      ig\n    <\/a>\n      <a href=\"https&#x3A;&#x2F;&#x2F;letterboxd.com&#x2F;espoocine\" class=\"letterboxd\" target=\"_blank\" rel=\"noreferer noopener\">\n      letterboxd\n    <\/a>\n      <a href=\"https&#x3A;&#x2F;&#x2F;www.youtube.com&#x2F;channel&#x2F;UCkAiPgBg1k1NnePWFwGiM3Q\" class=\"youtube\" target=\"_blank\" rel=\"noreferer noopener\">\n      youtube\n    <\/a>\n      <a href=\"https&#x3A;&#x2F;&#x2F;www.facebook.com&#x2F;espoocine\" class=\"fb\" target=\"_blank\" rel=\"noreferer noopener\">\n      fb\n    <\/a>\n      <a href=\"https&#x3A;&#x2F;&#x2F;www.linkedin.com&#x2F;company&#x2F;espoo-cine-international-film-festival&#x2F;\" class=\"in\" target=\"_blank\" rel=\"noreferer noopener\">\n      in\n    <\/a>\n      <a href=\"https&#x3A;&#x2F;&#x2F;www.tiktok.com&#x2F;&#x40;espoocine&#x3F;_t&#x3D;8dl9wt28iE7\" class=\"tiktok\" target=\"_blank\" rel=\"noreferer noopener\">\n      tiktok\n    <\/a>\n  <\/div>\n\n<div class=\"ec-navribbon\">\n      <a href=\"https&#x3A;&#x2F;&#x2F;espoocine.fi&#x2F;en&#x2F;programme&#x2F;screenings-2025&#x2F;\">\n        Programme\n      <\/a>\n      <a href=\"https&#x3A;&#x2F;&#x2F;espoocine.fi&#x2F;en&#x2F;shop&#x2F;screening-tickets&#x2F;\">\n        Tickets\n      <\/a>\n      <a href=\"https&#x3A;&#x2F;&#x2F;espoocine.fi&#x2F;en&#x2F;programme&#x2F;special-screenings-and-events&#x2F;\">\n        Events\n      <\/a>\n      <a href=\"https&#x3A;&#x2F;&#x2F;espoocine.fi&#x2F;en&#x2F;info&#x2F;venues&#x2F;\">\n        Venues\n      <\/a>\n  <\/div>\n\n<div class=\"ec-newslinks\">\n  <div class=\"inner\">\n                    <a href=\"https&#x3A;&#x2F;&#x2F;espoocine.fi&#x2F;en&#x2F;2026&#x2F;03&#x2F;sinun-cine-2026-espoo-cine-is-seeking-mentors-for-its-idea-competition&#x2F;\">\n                  <div class=\"image\" style=\"background-image: url(https&#x3A;&#x2F;&#x2F;espoocine.fi&#x2F;wp-content&#x2F;uploads&#x2F;2025&#x2F;07&#x2F;230824_SinunCine_EmmaHallikainen2_7e8e9aa6912f55f13a2b6271237a897d-1024x439.jpg.webp)\"><\/div>\n                <div class=\"text\">\n          <p class=\"date\">Article \/ 03.03.2026<\/p>\n          <h2>Sinun Cin\u00e9 2026 \u2013 Espoo Cin\u00e9 Seeks Mentors for Idea Competition<\/h2>\n          <p class=\"excerpt\">Espoo Cin\u00e9 is now looking for experienced industry professionals to serve as mentors at a workshop taking place on 20\u201321 May 2026. The application period is open until 31 March 2026 at 23:59.<\/p>\n        <\/div>\n      <\/a>\n                <a href=\"https&#x3A;&#x2F;&#x2F;espoocine.fi&#x2F;en&#x2F;2026&#x2F;02&#x2F;your-cine-2026-open-call-for-competition-entries&#x2F;\">\n                  <div class=\"image\" style=\"background-image: url(https&#x3A;&#x2F;&#x2F;espoocine.fi&#x2F;wp-content&#x2F;uploads&#x2F;2025&#x2F;08&#x2F;22082025_Opening-Screening_JuhoLiukkonen_NETTI-19-1024x681.jpg.webp)\"><\/div>\n                <div class=\"text\">\n          <p class=\"date\">Article \/ 26.02.2026<\/p>\n          <h2>Your Cin\u00e9 2026 \u2013 Open Call for Competition Entries<\/h2>\n          <p class=\"excerpt\">The Your Cin\u00e9 idea competition, now being held for the fifth time, invites emerging creators to refine their film and series ideas together with mentors. Apply by 23 March 2026!<\/p>\n        <\/div>\n      <\/a>\n                <a href=\"https&#x3A;&#x2F;&#x2F;espoocine.fi&#x2F;en&#x2F;2026&#x2F;02&#x2F;espoo-cine-recommends-i-swear-march-12-2026-at-kino-tapiola&#x2F;\">\n                  <div class=\"image\" style=\"background-image: url(https&#x3A;&#x2F;&#x2F;espoocine.fi&#x2F;wp-content&#x2F;uploads&#x2F;2026&#x2F;02&#x2F;EC-suosittelee-I-Swear-1024x704.jpg.webp)\"><\/div>\n                <div class=\"text\">\n          <p class=\"date\">Article \/ 26.02.2026<\/p>\n          <h2>Espoo Cin\u00e9 Recommends: I Swear \u2013 March 12, 2026 at Kino Tapiola<\/h2>\n          <p class=\"excerpt\">The next film in the Espoo Cin\u00e9 Recommends series is the powerful I Swear . Starring Robert Aramayo, the film earned him the BAFTA Award for Best Actor, ahead of nominees including Leonardo DiCaprio and Timoth\u00e9e Chalamet.<\/p>\n        <\/div>\n      <\/a>\n                <a href=\"https&#x3A;&#x2F;&#x2F;espoocine.fi&#x2F;en&#x2F;2026&#x2F;02&#x2F;espoo-cine-and-kino-tapiolas-finnish-spring-preview-isanpaiva-march-4-2026&#x2F;\">\n                  <div class=\"image\" style=\"background-image: url(https&#x3A;&#x2F;&#x2F;espoocine.fi&#x2F;wp-content&#x2F;uploads&#x2F;2026&#x2F;02&#x2F;isanpaiva_still9813_photo_by_jaakko_kahilaniemi___tekeleproductions2025-1024x576.jpg.webp)\"><\/div>\n                <div class=\"text\">\n          <p class=\"date\">Article \/ 20.02.2026<\/p>\n          <h2>Espoo Cin\u00e9 and Kino Tapiola\u2019s Finnish Spring Preview: Is\u00e4np\u00e4iv\u00e4 \u2013 March 4, 2026<\/h2>\n          <p class=\"excerpt\">Espoo Cin\u00e9 and Kino Tapiola present a special Finnish preview screening of Is\u00e4np\u00e4iv\u00e4 (Father\u2019s Day) at Kino Tapiola on Thursday, March 4, 2026, at 5:15 PM. The film\u2019s director, Aleksi&hellip;<\/p>\n        <\/div>\n      <\/a>\n                <a href=\"https&#x3A;&#x2F;&#x2F;espoocine.fi&#x2F;en&#x2F;2026&#x2F;02&#x2F;espoo-cine-is-looking-for-a-producer-and-two-interns&#x2F;\">\n                  <div class=\"image\" style=\"background-image: url(https&#x3A;&#x2F;&#x2F;espoocine.fi&#x2F;wp-content&#x2F;uploads&#x2F;2026&#x2F;02&#x2F;270825_Finnish-Gala-Premiere_JuhoLiukkonen_NETTI-5-2-1024x681.jpeg.webp)\"><\/div>\n                <div class=\"text\">\n          <p class=\"date\">Article \/ 10.02.2026<\/p>\n          <h2>Espoo Cin\u00e9 is looking for a producer and two interns<\/h2>\n          <p class=\"excerpt\">We are looking for a producer and two interns for the Espoo Cin\u00e9 Film Festival 2026. The 37th edition of Espoo Cin\u00e9 will take place in Espoo and Helsinki from 21\u201330 August 2026. <\/p>\n        <\/div>\n      <\/a>\n                <a href=\"https&#x3A;&#x2F;&#x2F;espoocine.fi&#x2F;en&#x2F;2026&#x2F;02&#x2F;espoo-cine-recommends-pillion&#x2F;\">\n                  <div class=\"image\" style=\"background-image: url(https&#x3A;&#x2F;&#x2F;espoocine.fi&#x2F;wp-content&#x2F;uploads&#x2F;2026&#x2F;02&#x2F;EC-suosittelee-PIllion-1024x704.jpg.webp)\"><\/div>\n                <div class=\"text\">\n          <p class=\"date\">Article \/ 03.02.2026<\/p>\n          <h2>Espoo Cin\u00e9 recommends: Pillion<\/h2>\n          <p class=\"excerpt\">The Espoo Cin\u00e9 recommends series continue with the screening of Pillion in Kino Tapiola on Thursday, 12 February.<\/p>\n        <\/div>\n      <\/a>\n                <a href=\"https&#x3A;&#x2F;&#x2F;espoocine.fi&#x2F;en&#x2F;2025&#x2F;12&#x2F;espoo-cine-and-cinema-orion-present-an-special-screening-of-andres-veiels-documentary-film-riefenstahl-on-7-january&#x2F;\">\n                  <div class=\"image\" style=\"background-image: url(https&#x3A;&#x2F;&#x2F;espoocine.fi&#x2F;wp-content&#x2F;uploads&#x2F;2025&#x2F;12&#x2F;3-2-1024x439.png.webp)\"><\/div>\n                <div class=\"text\">\n          <p class=\"date\">Article \/ 18.12.2025<\/p>\n          <h2>Espoo Cin\u00e9 and Cinema Orion present an special screening of the documentary film Riefenstahl by Andres Veiel on 7 January<\/h2>\n          <p class=\"excerpt\">Espoo Cin\u00e9, in collaboration with\u00a0Cinema Orion, presents an additional screening of\u00a0Andres Veiel\u2019s documentary\u00a0Riefenstahl, which attracted great interest at the August edition of Espoo Cin\u00e9 and had its world premiere at the Venice Film Festival. The screening is part of\u00a0Cinema Orion\u2019s European Film Winter\u00a0series. <\/p>\n        <\/div>\n      <\/a>\n                <a href=\"https&#x3A;&#x2F;&#x2F;espoocine.fi&#x2F;en&#x2F;2025&#x2F;12&#x2F;crip-cine-pop-up-screenings-will-continue-in-2026&#x2F;\">\n                  <div class=\"image\" style=\"background-image: url(https&#x3A;&#x2F;&#x2F;espoocine.fi&#x2F;wp-content&#x2F;uploads&#x2F;2025&#x2F;12&#x2F;CripCine2025-lauantai1204-TanjaRyhanen-paino04-1024x683.jpeg.webp)\"><\/div>\n                <div class=\"text\">\n          <p class=\"date\">Article \/ 12.12.2025<\/p>\n          <h2>Crip Cin\u00e9 pop-up screenings will continue in 2026\u00a0<\/h2>\n          <p class=\"excerpt\">The \u201dCrip Cin\u00e9 kyl\u00e4ss\u00e4\u201d (\u201dCrip Cin\u00e9 visits\u201d) pop-up screenings organised by Espoo Cin\u00e9 will continue in 2026 with the support of the Finnish Film Foundation\u2019s funding. In its report, the Parliamentary Finance Committee also proposes additional funding for organizing Crip Cin\u00e9 kyl\u00e4ss\u00e4 screenings for children and young people in 2026. <\/p>\n        <\/div>\n      <\/a>\n                <a href=\"https&#x3A;&#x2F;&#x2F;espoocine.fi&#x2F;en&#x2F;2025&#x2F;12&#x2F;espoo-cine-recommends-nouvelle-vague-on-11-december-2025-kino-tapiola&#x2F;\">\n                  <div class=\"image\" style=\"background-image: url(https&#x3A;&#x2F;&#x2F;espoocine.fi&#x2F;wp-content&#x2F;uploads&#x2F;2025&#x2F;12&#x2F;EC-suosittelee-Nouvelle-Vague-1-1024x704.jpg.webp)\"><\/div>\n                <div class=\"text\">\n          <p class=\"date\">Article \/ 04.12.2025<\/p>\n          <h2>Espoo Cin\u00e9 recommends: Nouvelle Vague on 11 December 2025, Kino Tapiola<\/h2>\n          <p class=\"excerpt\">Richard Linklater&#8217;s charming and playful ode to the beginnings of the French new wave ends the fall season of Espoo Cin\u00e9 recommends programme<\/p>\n        <\/div>\n      <\/a>\n                <a href=\"https&#x3A;&#x2F;&#x2F;espoocine.fi&#x2F;en&#x2F;2025&#x2F;12&#x2F;espoo-cines-christmas-ticket-bundles-and-merchandise-now-on-sale&#x2F;\">\n                  <div class=\"image\" style=\"background-image: url(https&#x3A;&#x2F;&#x2F;espoocine.fi&#x2F;wp-content&#x2F;uploads&#x2F;2025&#x2F;12&#x2F;Joulusarjakortti-2026-vaakakuva-2-1024x576.jpg.webp)\"><\/div>\n                <div class=\"text\">\n          <p class=\"date\">Article \/ 04.12.2025<\/p>\n          <h2>Espoo Cine\u2019s Christmas ticket bundles and merchandise now on sale!<\/h2>\n          <p class=\"excerpt\">The four- and six-ticket bundles are valid for the next Espoo Cine Festival, held on 21\u201330 August 2026. In addition to the Christmas bundles, Espoo Cine\u2019s stylish merchandise is also available for a limited time.<\/p>\n        <\/div>\n      <\/a>\n      <\/div>\n<\/div>\n<\/div>\n<\/div>\n\n\n<p><\/p>\n","protected":false},"excerpt":{"rendered":"","protected":false},"author":2,"featured_media":0,"parent":0,"menu_order":0,"comment_status":"closed","ping_status":"closed","template":"","meta":{"_acf_changed":false,"footnotes":""},"class_list":["post-939","page","type-page","status-publish","hentry"],"acf":[],"yoast_head":"<!-- This site is optimized with the Yoast SEO plugin v27.1.1 - https:\/\/yoast.com\/product\/yoast-seo-wordpress\/ -->\n<title>Etusivu - Espoo Cin\u00e9<\/title>\n<meta name=\"robots\" content=\"index, follow, max-snippet:-1, max-image-preview:large, max-video-preview:-1\" \/>\n<link rel=\"canonical\" href=\"https:\/\/espoocine.fi\/en\/\" \/>\n<meta property=\"og:locale\" content=\"en_US\" \/>\n<meta property=\"og:type\" content=\"article\" \/>\n<meta property=\"og:title\" content=\"Etusivu - Espoo Cin\u00e9\" \/>\n<meta property=\"og:url\" content=\"https:\/\/espoocine.fi\/en\/\" \/>\n<meta property=\"og:site_name\" content=\"Espoo Cin\u00e9\" \/>\n<meta property=\"article:publisher\" content=\"https:\/\/www.facebook.com\/espoocine\/\" \/>\n<meta property=\"article:modified_time\" content=\"2025-08-21T10:52:42+00:00\" \/>\n<meta property=\"og:image\" content=\"https:\/\/espoocine.fi\/wp-content\/uploads\/2025\/07\/EspooCine_web_listakuva_1200x631.png\" \/>\n\t<meta property=\"og:image:width\" content=\"1200\" \/>\n\t<meta property=\"og:image:height\" content=\"631\" \/>\n\t<meta property=\"og:image:type\" content=\"image\/png\" \/>\n<meta name=\"twitter:card\" content=\"summary_large_image\" \/>\n<script type=\"application\/ld+json\" class=\"yoast-schema-graph\">{\"@context\":\"https:\/\/schema.org\",\"@graph\":[{\"@type\":\"WebPage\",\"@id\":\"https:\/\/espoocine.fi\/en\/\",\"url\":\"https:\/\/espoocine.fi\/en\/\",\"name\":\"Etusivu - Espoo Cin\u00e9\",\"isPartOf\":{\"@id\":\"https:\/\/espoocine.fi\/en\/#website\"},\"datePublished\":\"2025-06-08T09:51:34+00:00\",\"dateModified\":\"2025-08-21T10:52:42+00:00\",\"breadcrumb\":{\"@id\":\"https:\/\/espoocine.fi\/en\/#breadcrumb\"},\"inLanguage\":\"en-US\",\"potentialAction\":[{\"@type\":\"ReadAction\",\"target\":[\"https:\/\/espoocine.fi\/en\/\"]}]},{\"@type\":\"BreadcrumbList\",\"@id\":\"https:\/\/espoocine.fi\/en\/#breadcrumb\",\"itemListElement\":[{\"@type\":\"ListItem\",\"position\":1,\"name\":\"Home\",\"item\":\"https:\/\/espoocine.fi\/en\/\"},{\"@type\":\"ListItem\",\"position\":2,\"name\":\"Etusivu\"}]},{\"@type\":\"WebSite\",\"@id\":\"https:\/\/espoocine.fi\/en\/#website\",\"url\":\"https:\/\/espoocine.fi\/en\/\",\"name\":\"Espoo Cin\u00e9\",\"description\":\"\",\"publisher\":{\"@id\":\"https:\/\/espoocine.fi\/en\/#organization\"},\"potentialAction\":[{\"@type\":\"SearchAction\",\"target\":{\"@type\":\"EntryPoint\",\"urlTemplate\":\"https:\/\/espoocine.fi\/en\/?s={search_term_string}\"},\"query-input\":{\"@type\":\"PropertyValueSpecification\",\"valueRequired\":true,\"valueName\":\"search_term_string\"}}],\"inLanguage\":\"en-US\"},{\"@type\":\"Organization\",\"@id\":\"https:\/\/espoocine.fi\/en\/#organization\",\"name\":\"Espoo Cin\u00e9\",\"url\":\"https:\/\/espoocine.fi\/en\/\",\"logo\":{\"@type\":\"ImageObject\",\"inLanguage\":\"en-US\",\"@id\":\"https:\/\/espoocine.fi\/en\/#\/schema\/logo\/image\/\",\"url\":\"https:\/\/espoocine.fi\/wp-content\/uploads\/2025\/07\/EC_logo_Icon_BP-copy.png\",\"contentUrl\":\"https:\/\/espoocine.fi\/wp-content\/uploads\/2025\/07\/EC_logo_Icon_BP-copy.png\",\"width\":613,\"height\":278,\"caption\":\"Espoo Cin\u00e9\"},\"image\":{\"@id\":\"https:\/\/espoocine.fi\/en\/#\/schema\/logo\/image\/\"},\"sameAs\":[\"https:\/\/www.facebook.com\/espoocine\/\",\"https:\/\/www.instagram.com\/espoocine\/\",\"https:\/\/letterboxd.com\/espoocine\/\"]}]}<\/script>\n<!-- \/ Yoast SEO plugin. -->","yoast_head_json":{"title":"Etusivu - Espoo Cin\u00e9","robots":{"index":"index","follow":"follow","max-snippet":"max-snippet:-1","max-image-preview":"max-image-preview:large","max-video-preview":"max-video-preview:-1"},"canonical":"https:\/\/espoocine.fi\/en\/","og_locale":"en_US","og_type":"article","og_title":"Etusivu - Espoo Cin\u00e9","og_url":"https:\/\/espoocine.fi\/en\/","og_site_name":"Espoo Cin\u00e9","article_publisher":"https:\/\/www.facebook.com\/espoocine\/","article_modified_time":"2025-08-21T10:52:42+00:00","og_image":[{"width":1200,"height":631,"url":"https:\/\/espoocine.fi\/wp-content\/uploads\/2025\/07\/EspooCine_web_listakuva_1200x631.png","type":"image\/png"}],"twitter_card":"summary_large_image","schema":{"@context":"https:\/\/schema.org","@graph":[{"@type":"WebPage","@id":"https:\/\/espoocine.fi\/en\/","url":"https:\/\/espoocine.fi\/en\/","name":"Etusivu - Espoo Cin\u00e9","isPartOf":{"@id":"https:\/\/espoocine.fi\/en\/#website"},"datePublished":"2025-06-08T09:51:34+00:00","dateModified":"2025-08-21T10:52:42+00:00","breadcrumb":{"@id":"https:\/\/espoocine.fi\/en\/#breadcrumb"},"inLanguage":"en-US","potentialAction":[{"@type":"ReadAction","target":["https:\/\/espoocine.fi\/en\/"]}]},{"@type":"BreadcrumbList","@id":"https:\/\/espoocine.fi\/en\/#breadcrumb","itemListElement":[{"@type":"ListItem","position":1,"name":"Home","item":"https:\/\/espoocine.fi\/en\/"},{"@type":"ListItem","position":2,"name":"Etusivu"}]},{"@type":"WebSite","@id":"https:\/\/espoocine.fi\/en\/#website","url":"https:\/\/espoocine.fi\/en\/","name":"Espoo Cin\u00e9","description":"","publisher":{"@id":"https:\/\/espoocine.fi\/en\/#organization"},"potentialAction":[{"@type":"SearchAction","target":{"@type":"EntryPoint","urlTemplate":"https:\/\/espoocine.fi\/en\/?s={search_term_string}"},"query-input":{"@type":"PropertyValueSpecification","valueRequired":true,"valueName":"search_term_string"}}],"inLanguage":"en-US"},{"@type":"Organization","@id":"https:\/\/espoocine.fi\/en\/#organization","name":"Espoo Cin\u00e9","url":"https:\/\/espoocine.fi\/en\/","logo":{"@type":"ImageObject","inLanguage":"en-US","@id":"https:\/\/espoocine.fi\/en\/#\/schema\/logo\/image\/","url":"https:\/\/espoocine.fi\/wp-content\/uploads\/2025\/07\/EC_logo_Icon_BP-copy.png","contentUrl":"https:\/\/espoocine.fi\/wp-content\/uploads\/2025\/07\/EC_logo_Icon_BP-copy.png","width":613,"height":278,"caption":"Espoo Cin\u00e9"},"image":{"@id":"https:\/\/espoocine.fi\/en\/#\/schema\/logo\/image\/"},"sameAs":["https:\/\/www.facebook.com\/espoocine\/","https:\/\/www.instagram.com\/espoocine\/","https:\/\/letterboxd.com\/espoocine\/"]}]}},"_links":{"self":[{"href":"https:\/\/espoocine.fi\/en\/wp-json\/wp\/v2\/pages\/939","targetHints":{"allow":["GET"]}}],"collection":[{"href":"https:\/\/espoocine.fi\/en\/wp-json\/wp\/v2\/pages"}],"about":[{"href":"https:\/\/espoocine.fi\/en\/wp-json\/wp\/v2\/types\/page"}],"author":[{"embeddable":true,"href":"https:\/\/espoocine.fi\/en\/wp-json\/wp\/v2\/users\/2"}],"replies":[{"embeddable":true,"href":"https:\/\/espoocine.fi\/en\/wp-json\/wp\/v2\/comments?post=939"}],"version-history":[{"count":4,"href":"https:\/\/espoocine.fi\/en\/wp-json\/wp\/v2\/pages\/939\/revisions"}],"predecessor-version":[{"id":2674,"href":"https:\/\/espoocine.fi\/en\/wp-json\/wp\/v2\/pages\/939\/revisions\/2674"}],"wp:attachment":[{"href":"https:\/\/espoocine.fi\/en\/wp-json\/wp\/v2\/media?parent=939"}],"curies":[{"name":"wp","href":"https:\/\/api.w.org\/{rel}","templated":true}]}}