{"id":987,"date":"2025-07-01T12:07:51","date_gmt":"2025-07-01T10:07:51","guid":{"rendered":"https:\/\/espoocine.fi\/?page_id=987"},"modified":"2025-09-16T12:52:57","modified_gmt":"2025-09-16T10:52:57","slug":"your-cine","status":"publish","type":"page","link":"https:\/\/espoocine.fi\/en\/professionals\/your-cine\/","title":{"rendered":"Sinun Cin\u00e9"},"content":{"rendered":"<div class=\"ec-text\">\n  <div class=\"inner\">\n    <div class=\"acf-innerblocks-container\">\n\n<h1 class=\"wp-block-heading has-large-font-size\">Sinun Cin\u00e9<\/h1>\n\n\n\n<p class=\"has-medium-font-size\"><strong>Sinun Cin\u00e9 2025 culminates on <strong>22<\/strong> August at Kino Tapiola!<\/strong><\/p>\n\n\n\n<p>Now in its fourth year, the Sinun Cin\u00e9 Idea Competition brings together emerging filmmakers and series creators to refine their ideas alongside mentors. Launched in 2022, the competition is an initiative by Espoo Cin\u00e9 to promote a more diverse film industry, and is specifically aimed at underrepresented minorities in the Finnish media landscape.<br><br>This year, the competition especially encouraged applications from creators with disabilities. Sinun Cin\u00e9 has been open to students and early-career creators whose work has not yet been commercially distributed.<br><br>As in previous years, a panel of experts assembled by the Finnish Playwrights and Screenwriters Guild (Sunklo) selected ten finalists from the open call. During a two-day workshop held at Tekstintalo in Helsinki on May 14\u201315, the finalists had the opportunity to get to know each other and meet their mentors from the film and TV industry. Each finalist was paired with a mentor who helped them refine their storytelling and develop their ideas. Over the course of the workshop, participants practiced pitching, attended professional talks, and heard experiences from Sinun Cin\u00e9 alumni.<br><br>The 2025 Sinun Cin\u00e9 competition will culminate in a public event at Kino Tapiola on 22 August. Beginning at <strong>12:30 PM<\/strong>, the event will feature an <strong>OAF Academy<\/strong> info session, a keynote by<strong> Ilona Vehmas<\/strong> (Finnish Film Foundation), and a panel discussion with audiovisual professionals on funding and its challenges. The panel includes producer <strong>Anita Hypp\u00f6nen<\/strong>, director-screenwriter<strong> Reetta Aalto<\/strong>, filmmaker <strong>Samppa Batal<\/strong>, and AVEK director <strong>Ulla Simonen<\/strong>. The moderator is <strong>Zagros Manuchar<\/strong>. <br><br>The culmination of the Sinun Cin\u00e9 process and anticipation will be the pitch competition starting <strong>at 2:45 PM<\/strong>, where the finalists will present their ideas to both the public and the jury. The jury includes Sinun Cin\u00e9 winner, Crip Cin\u00e9 directing group member, writer, and disability activist <strong>Pinja Eskola<\/strong>; former Finnish Film Foundation production director <strong>Erkki Astala<\/strong>; filmmaker <strong>Jenni-Juulia Wallinheimo-Heimonen<\/strong>; screenwriter<strong> Anna Brotkin<\/strong>; and Yle dramaturge<strong> Laura Lappalainen<\/strong>. The winner will be announced at 5:00 PM during the event.<br><br>The winner of Sinun Cin\u00e9 will also be awarded later that same day during the opening screening of the Espoo Cin\u00e9 festival at the Espoo Cultural Centre. Sinun Cin\u00e9 Prize, donated by the City of Espoo, is valued at 2,500 euros. This year, the prize also includes accreditation for Finnish Film Affair.<br><\/p>\n\n\n\n<h3 class=\"wp-block-heading has-medium-font-size\"><br><strong> Event Schedule<\/strong><br><\/h3>\n\n\n\n<p><strong>12:30\u201314:30 <\/strong>| Talks Programme<br>OAF Academy Info Session by the Outsider Arts Festival<br>Keynote by Ilona Vehmas<br>Panel Discussion with Reetta Aalto, Samppa Batal, Anita Hypp\u00f6nen and Ulla Simonen, moderated by Zagros Manuchar<strong><br><br>14:45\u201316:00 <\/strong>| Pitching Competition<br><strong><br>17:00 <\/strong>| Winner Announcement<br><br><em>The event is in English, but the pitches may be presented in either English or Finnish. <a href=\"https:\/\/espoocine.fi\/en\/info\/accessibility\/\">Accessibility information<\/a> for Kino Tapiola.<\/em><br><br><br>Previous Sinun Cin\u00e9 winners include Yasmin Najjar (2024), Maaret Louhelainen (2023), and Pinja Eskola (2022). Read about their experiences in the competition: <a href=\"https:\/\/espoocine.fi\/fi\/ajankohtaista\/haastattelussa-sinun-cine-voittaja-yasmin-najjar\">Yasmin Najjar<\/a> |<a href=\"https:\/\/espoocine.fi\/fi\/ajankohtaista\/haastattelussa-sinun-cine-voittaja-maaret-louhelainen\"> Maaret Louhelainen<\/a> |<a href=\"https:\/\/espoocine.fi\/fi\/ajankohtaista\/ajatuksia-sinun-cine-palkinnosta\"> Pinja Eskola<\/a><br><br>Applications for the 2025 competition closed on March 26, 2025. Stay tuned for details on the 2026 competition!<br><em><br><br>Sinun Cin\u00e9 idea competition is supported by AVEK, the City of Espoo and Finnish Film Affair.<\/em><\/p>\n\n<\/div>\n  <\/div>\n<\/div>\n\n  <div class=\"ec-image\">\n    <img decoding=\"async\" src=\"https&#x3A;&#x2F;&#x2F;espoocine.fi&#x2F;wp-content&#x2F;uploads&#x2F;2025&#x2F;07&#x2F;2-2-1024x439.png\" alt=\"\" \/>\n  <\/div>\n","protected":false},"excerpt":{"rendered":"","protected":false},"author":3,"featured_media":0,"parent":974,"menu_order":0,"comment_status":"closed","ping_status":"closed","template":"","meta":{"_acf_changed":false,"footnotes":""},"class_list":["post-987","page","type-page","status-publish","hentry"],"acf":[],"yoast_head":"<!-- This site is optimized with the Yoast SEO plugin v27.1.1 - https:\/\/yoast.com\/product\/yoast-seo-wordpress\/ -->\n<title>Sinun Cin\u00e9 - Espoo Cin\u00e9<\/title>\n<meta name=\"robots\" content=\"index, follow, max-snippet:-1, max-image-preview:large, max-video-preview:-1\" \/>\n<link rel=\"canonical\" href=\"https:\/\/espoocine.fi\/en\/professionals\/your-cine\/\" \/>\n<meta property=\"og:locale\" content=\"en_US\" \/>\n<meta property=\"og:type\" content=\"article\" \/>\n<meta property=\"og:title\" content=\"Sinun Cin\u00e9 - Espoo Cin\u00e9\" \/>\n<meta property=\"og:url\" content=\"https:\/\/espoocine.fi\/en\/professionals\/your-cine\/\" \/>\n<meta property=\"og:site_name\" content=\"Espoo Cin\u00e9\" \/>\n<meta property=\"article:publisher\" content=\"https:\/\/www.facebook.com\/espoocine\/\" \/>\n<meta property=\"article:modified_time\" content=\"2025-09-16T10:52:57+00:00\" \/>\n<meta property=\"og:image\" content=\"https:\/\/espoocine.fi\/wp-content\/uploads\/2025\/07\/EspooCine_web_listakuva_1200x631.png\" \/>\n\t<meta property=\"og:image:width\" content=\"1200\" \/>\n\t<meta property=\"og:image:height\" content=\"631\" \/>\n\t<meta property=\"og:image:type\" content=\"image\/png\" \/>\n<meta name=\"twitter:card\" content=\"summary_large_image\" \/>\n<meta name=\"twitter:label1\" content=\"Est. reading time\" \/>\n\t<meta name=\"twitter:data1\" content=\"4 minutes\" \/>\n<script type=\"application\/ld+json\" class=\"yoast-schema-graph\">{\"@context\":\"https:\/\/schema.org\",\"@graph\":[{\"@type\":\"WebPage\",\"@id\":\"https:\/\/espoocine.fi\/en\/professionals\/your-cine\/\",\"url\":\"https:\/\/espoocine.fi\/en\/professionals\/your-cine\/\",\"name\":\"Sinun Cin\u00e9 - Espoo Cin\u00e9\",\"isPartOf\":{\"@id\":\"https:\/\/espoocine.fi\/en\/#website\"},\"datePublished\":\"2025-07-01T10:07:51+00:00\",\"dateModified\":\"2025-09-16T10:52:57+00:00\",\"breadcrumb\":{\"@id\":\"https:\/\/espoocine.fi\/en\/professionals\/your-cine\/#breadcrumb\"},\"inLanguage\":\"en-US\",\"potentialAction\":[{\"@type\":\"ReadAction\",\"target\":[\"https:\/\/espoocine.fi\/en\/professionals\/your-cine\/\"]}]},{\"@type\":\"BreadcrumbList\",\"@id\":\"https:\/\/espoocine.fi\/en\/professionals\/your-cine\/#breadcrumb\",\"itemListElement\":[{\"@type\":\"ListItem\",\"position\":1,\"name\":\"Home\",\"item\":\"https:\/\/espoocine.fi\/en\/\"},{\"@type\":\"ListItem\",\"position\":2,\"name\":\"Industry\",\"item\":\"https:\/\/espoocine.fi\/en\/ammattilaiset\/\"},{\"@type\":\"ListItem\",\"position\":3,\"name\":\"Sinun Cin\u00e9\"}]},{\"@type\":\"WebSite\",\"@id\":\"https:\/\/espoocine.fi\/en\/#website\",\"url\":\"https:\/\/espoocine.fi\/en\/\",\"name\":\"Espoo Cin\u00e9\",\"description\":\"\",\"publisher\":{\"@id\":\"https:\/\/espoocine.fi\/en\/#organization\"},\"potentialAction\":[{\"@type\":\"SearchAction\",\"target\":{\"@type\":\"EntryPoint\",\"urlTemplate\":\"https:\/\/espoocine.fi\/en\/?s={search_term_string}\"},\"query-input\":{\"@type\":\"PropertyValueSpecification\",\"valueRequired\":true,\"valueName\":\"search_term_string\"}}],\"inLanguage\":\"en-US\"},{\"@type\":\"Organization\",\"@id\":\"https:\/\/espoocine.fi\/en\/#organization\",\"name\":\"Espoo Cin\u00e9\",\"url\":\"https:\/\/espoocine.fi\/en\/\",\"logo\":{\"@type\":\"ImageObject\",\"inLanguage\":\"en-US\",\"@id\":\"https:\/\/espoocine.fi\/en\/#\/schema\/logo\/image\/\",\"url\":\"https:\/\/espoocine.fi\/wp-content\/uploads\/2025\/07\/EC_logo_Icon_BP-copy.png\",\"contentUrl\":\"https:\/\/espoocine.fi\/wp-content\/uploads\/2025\/07\/EC_logo_Icon_BP-copy.png\",\"width\":613,\"height\":278,\"caption\":\"Espoo Cin\u00e9\"},\"image\":{\"@id\":\"https:\/\/espoocine.fi\/en\/#\/schema\/logo\/image\/\"},\"sameAs\":[\"https:\/\/www.facebook.com\/espoocine\/\",\"https:\/\/www.instagram.com\/espoocine\/\",\"https:\/\/letterboxd.com\/espoocine\/\"]}]}<\/script>\n<!-- \/ Yoast SEO plugin. -->","yoast_head_json":{"title":"Sinun Cin\u00e9 - Espoo Cin\u00e9","robots":{"index":"index","follow":"follow","max-snippet":"max-snippet:-1","max-image-preview":"max-image-preview:large","max-video-preview":"max-video-preview:-1"},"canonical":"https:\/\/espoocine.fi\/en\/professionals\/your-cine\/","og_locale":"en_US","og_type":"article","og_title":"Sinun Cin\u00e9 - Espoo Cin\u00e9","og_url":"https:\/\/espoocine.fi\/en\/professionals\/your-cine\/","og_site_name":"Espoo Cin\u00e9","article_publisher":"https:\/\/www.facebook.com\/espoocine\/","article_modified_time":"2025-09-16T10:52:57+00:00","og_image":[{"width":1200,"height":631,"url":"https:\/\/espoocine.fi\/wp-content\/uploads\/2025\/07\/EspooCine_web_listakuva_1200x631.png","type":"image\/png"}],"twitter_card":"summary_large_image","twitter_misc":{"Est. reading time":"4 minutes"},"schema":{"@context":"https:\/\/schema.org","@graph":[{"@type":"WebPage","@id":"https:\/\/espoocine.fi\/en\/professionals\/your-cine\/","url":"https:\/\/espoocine.fi\/en\/professionals\/your-cine\/","name":"Sinun Cin\u00e9 - Espoo Cin\u00e9","isPartOf":{"@id":"https:\/\/espoocine.fi\/en\/#website"},"datePublished":"2025-07-01T10:07:51+00:00","dateModified":"2025-09-16T10:52:57+00:00","breadcrumb":{"@id":"https:\/\/espoocine.fi\/en\/professionals\/your-cine\/#breadcrumb"},"inLanguage":"en-US","potentialAction":[{"@type":"ReadAction","target":["https:\/\/espoocine.fi\/en\/professionals\/your-cine\/"]}]},{"@type":"BreadcrumbList","@id":"https:\/\/espoocine.fi\/en\/professionals\/your-cine\/#breadcrumb","itemListElement":[{"@type":"ListItem","position":1,"name":"Home","item":"https:\/\/espoocine.fi\/en\/"},{"@type":"ListItem","position":2,"name":"Industry","item":"https:\/\/espoocine.fi\/en\/ammattilaiset\/"},{"@type":"ListItem","position":3,"name":"Sinun Cin\u00e9"}]},{"@type":"WebSite","@id":"https:\/\/espoocine.fi\/en\/#website","url":"https:\/\/espoocine.fi\/en\/","name":"Espoo Cin\u00e9","description":"","publisher":{"@id":"https:\/\/espoocine.fi\/en\/#organization"},"potentialAction":[{"@type":"SearchAction","target":{"@type":"EntryPoint","urlTemplate":"https:\/\/espoocine.fi\/en\/?s={search_term_string}"},"query-input":{"@type":"PropertyValueSpecification","valueRequired":true,"valueName":"search_term_string"}}],"inLanguage":"en-US"},{"@type":"Organization","@id":"https:\/\/espoocine.fi\/en\/#organization","name":"Espoo Cin\u00e9","url":"https:\/\/espoocine.fi\/en\/","logo":{"@type":"ImageObject","inLanguage":"en-US","@id":"https:\/\/espoocine.fi\/en\/#\/schema\/logo\/image\/","url":"https:\/\/espoocine.fi\/wp-content\/uploads\/2025\/07\/EC_logo_Icon_BP-copy.png","contentUrl":"https:\/\/espoocine.fi\/wp-content\/uploads\/2025\/07\/EC_logo_Icon_BP-copy.png","width":613,"height":278,"caption":"Espoo Cin\u00e9"},"image":{"@id":"https:\/\/espoocine.fi\/en\/#\/schema\/logo\/image\/"},"sameAs":["https:\/\/www.facebook.com\/espoocine\/","https:\/\/www.instagram.com\/espoocine\/","https:\/\/letterboxd.com\/espoocine\/"]}]}},"_links":{"self":[{"href":"https:\/\/espoocine.fi\/en\/wp-json\/wp\/v2\/pages\/987","targetHints":{"allow":["GET"]}}],"collection":[{"href":"https:\/\/espoocine.fi\/en\/wp-json\/wp\/v2\/pages"}],"about":[{"href":"https:\/\/espoocine.fi\/en\/wp-json\/wp\/v2\/types\/page"}],"author":[{"embeddable":true,"href":"https:\/\/espoocine.fi\/en\/wp-json\/wp\/v2\/users\/3"}],"replies":[{"embeddable":true,"href":"https:\/\/espoocine.fi\/en\/wp-json\/wp\/v2\/comments?post=987"}],"version-history":[{"count":30,"href":"https:\/\/espoocine.fi\/en\/wp-json\/wp\/v2\/pages\/987\/revisions"}],"predecessor-version":[{"id":2917,"href":"https:\/\/espoocine.fi\/en\/wp-json\/wp\/v2\/pages\/987\/revisions\/2917"}],"up":[{"embeddable":true,"href":"https:\/\/espoocine.fi\/en\/wp-json\/wp\/v2\/pages\/974"}],"wp:attachment":[{"href":"https:\/\/espoocine.fi\/en\/wp-json\/wp\/v2\/media?parent=987"}],"curies":[{"name":"wp","href":"https:\/\/api.w.org\/{rel}","templated":true}]}}