{"id":999,"date":"2025-06-09T05:48:49","date_gmt":"2025-06-09T03:48:49","guid":{"rendered":"https:\/\/espoocine.fi\/?page_id=999"},"modified":"2026-04-07T12:14:09","modified_gmt":"2026-04-07T10:14:09","slug":"about-us-contact","status":"publish","type":"page","link":"https:\/\/espoocine.fi\/en\/info\/about-us-contact\/","title":{"rendered":"About Us"},"content":{"rendered":"<main id=\"main\">\n  <div class=\"acf-innerblocks-container\">\n\n<p><\/p>\n\n\n<div class=\"ec-text\">\n  <div class=\"inner\">\n    <div class=\"acf-innerblocks-container\">\n\n<h2 class=\"wp-block-heading\"><br>Espoo Cin\u00e9 International Film Festival<\/h2>\n\n\n\n<p><br>Espoo Cin\u00e9 International Film Festival has established itself as a showcase of contemporary European cinema in Finland. The festival presents some of the most interesting new films, both from established creators and emerging talents. Special attention in the festival\u2019s programme is given to issues of minority representation.<\/p>\n\n\n\n<p>The 36th edition of the <strong>Espoo Cin\u00e9 <\/strong>was held from 22 to 31 August, 2025. See <a href=\"https:\/\/espoocine.fi\/en\/programme\/screenings-2025\/\">the programme here.<\/a><\/p>\n\n\n\n<p>The new&nbsp;<strong>Crip Cin\u00e9<\/strong>, focused on disability cinema, took place from 12 to 16 April, 2025.&nbsp;<\/p>\n\n\n\n<p>Alongside Espoo Cin\u00e9 and the new Crip Cin\u00e9, the festival also hosts <strong>Junior Cin\u00e9<\/strong>, an event dedicated to children and young audiences.<\/p>\n\n<\/div>\n  <\/div>\n<\/div>\n\n\n<p><\/p>\n\n<\/div>\n<\/div>\n\n<div class=\"ec-text\">\n  <div class=\"inner\">\n    <div class=\"acf-innerblocks-container\">\n\n<h2 class=\"wp-block-heading has-medium-font-size\">Contact us!<br><\/h2>\n\n\n\n<p><strong>Email:<\/strong>&nbsp;<a href=\"mailto:office@espoocine.fi\">office@espoocine.fi<\/a> | firstname.lastname@espoocine.fi<br><strong><br><strong>Postal address<\/strong><\/strong>: Ahertajantie 6D, 02100 Espoo<br><\/p>\n\n\n\n<p><br><\/p>\n\n<\/div>\n  <\/div>\n<\/div>\n\n<div class=\"ec-personlist n5\">\n      <div class=\"person\">\n      <div class=\"image\" style=\"background-image: url(https&#x3A;&#x2F;&#x2F;espoocine.fi&#x2F;wp-content&#x2F;uploads&#x2F;2025&#x2F;07&#x2F;9.png)\"><\/div>\n      <p class=\"name\">Tytti Rantanen<\/p>\n              <p class=\"title\">Executive Director<\/p>\n                    <p class=\"phone\"><a href=\"tel:+358407418992\">+358 40 741 8992<\/a><\/p>\n          <\/div>\n      <div class=\"person\">\n      <div class=\"image\" style=\"background-image: url(https&#x3A;&#x2F;&#x2F;espoocine.fi&#x2F;wp-content&#x2F;uploads&#x2F;2025&#x2F;07&#x2F;11.png)\"><\/div>\n      <p class=\"name\">Mickael Suominen<\/p>\n              <p class=\"title\">Head of Programme<\/p>\n                    <p class=\"phone\"><a href=\"tel:+358505704287\">+358 50 570 4287<\/a><\/p>\n          <\/div>\n      <div class=\"person\">\n      <div class=\"image\" style=\"background-image: url(https&#x3A;&#x2F;&#x2F;espoocine.fi&#x2F;wp-content&#x2F;uploads&#x2F;2025&#x2F;07&#x2F;3.png)\"><\/div>\n      <p class=\"name\">Katri Kervinen<\/p>\n              <p class=\"title\">Head of Production<\/p>\n                    <p class=\"phone\"><a href=\"tel:+358503572313\">+358 50 357 2313<\/a><\/p>\n          <\/div>\n      <div class=\"person\">\n      <div class=\"image\" style=\"background-image: url(https&#x3A;&#x2F;&#x2F;espoocine.fi&#x2F;wp-content&#x2F;uploads&#x2F;2025&#x2F;07&#x2F;1.png)\"><\/div>\n      <p class=\"name\">Maria Lehtonen<\/p>\n              <p class=\"title\">Junior Cin\u00e9 Producer<\/p>\n                    <p class=\"phone\"><a href=\"tel:+358408150110\">+358 40 815 0110<\/a><\/p>\n          <\/div>\n      <div class=\"person\">\n      <div class=\"image\" style=\"background-image: url(https&#x3A;&#x2F;&#x2F;espoocine.fi&#x2F;wp-content&#x2F;uploads&#x2F;2026&#x2F;04&#x2F;Diego-595x720.jpg)\"><\/div>\n      <p class=\"name\">Diego Ginartes<\/p>\n              <p class=\"title\">Cin\u00e9stesia Producer<\/p>\n                    <p class=\"phone\"><a href=\"tel:+358453311225\">+358 45 331 1225<\/a><\/p>\n          <\/div>\n  <\/div>\n\n<main id=\"main\">\n  <div class=\"acf-innerblocks-container\">\n  <div class=\"ec-image\">\n    <img decoding=\"async\" src=\"https&#x3A;&#x2F;&#x2F;espoocine.fi&#x2F;wp-content&#x2F;uploads&#x2F;2025&#x2F;06&#x2F;ukkeli6-1024x439.png\" alt=\"\" \/>\n  <\/div>\n\n<\/div>\n<\/div>","protected":false},"excerpt":{"rendered":"","protected":false},"author":3,"featured_media":0,"parent":995,"menu_order":0,"comment_status":"closed","ping_status":"closed","template":"","meta":{"_acf_changed":false,"footnotes":""},"class_list":["post-999","page","type-page","status-publish","hentry"],"acf":[],"yoast_head":"<!-- This site is optimized with the Yoast SEO plugin v27.1.1 - https:\/\/yoast.com\/product\/yoast-seo-wordpress\/ -->\n<title>About Us - Espoo Cin\u00e9<\/title>\n<meta name=\"robots\" content=\"index, follow, max-snippet:-1, max-image-preview:large, max-video-preview:-1\" \/>\n<link rel=\"canonical\" href=\"https:\/\/espoocine.fi\/en\/info\/about-us-contact\/\" \/>\n<meta property=\"og:locale\" content=\"en_US\" \/>\n<meta property=\"og:type\" content=\"article\" \/>\n<meta property=\"og:title\" content=\"About Us - Espoo Cin\u00e9\" \/>\n<meta property=\"og:url\" content=\"https:\/\/espoocine.fi\/en\/info\/about-us-contact\/\" \/>\n<meta property=\"og:site_name\" content=\"Espoo Cin\u00e9\" \/>\n<meta property=\"article:publisher\" content=\"https:\/\/www.facebook.com\/espoocine\/\" \/>\n<meta property=\"article:modified_time\" content=\"2026-04-07T10:14:09+00:00\" \/>\n<meta property=\"og:image\" content=\"https:\/\/espoocine.fi\/wp-content\/uploads\/2025\/07\/EspooCine_web_listakuva_1200x631.png\" \/>\n\t<meta property=\"og:image:width\" content=\"1200\" \/>\n\t<meta property=\"og:image:height\" content=\"631\" \/>\n\t<meta property=\"og:image:type\" content=\"image\/png\" \/>\n<meta name=\"twitter:card\" content=\"summary_large_image\" \/>\n<meta name=\"twitter:label1\" content=\"Est. reading time\" \/>\n\t<meta name=\"twitter:data1\" content=\"1 minute\" \/>\n<script type=\"application\/ld+json\" class=\"yoast-schema-graph\">{\"@context\":\"https:\/\/schema.org\",\"@graph\":[{\"@type\":\"WebPage\",\"@id\":\"https:\/\/espoocine.fi\/en\/info\/about-us-contact\/\",\"url\":\"https:\/\/espoocine.fi\/en\/info\/about-us-contact\/\",\"name\":\"About Us - Espoo Cin\u00e9\",\"isPartOf\":{\"@id\":\"https:\/\/espoocine.fi\/en\/#website\"},\"datePublished\":\"2025-06-09T03:48:49+00:00\",\"dateModified\":\"2026-04-07T10:14:09+00:00\",\"breadcrumb\":{\"@id\":\"https:\/\/espoocine.fi\/en\/info\/about-us-contact\/#breadcrumb\"},\"inLanguage\":\"en-US\",\"potentialAction\":[{\"@type\":\"ReadAction\",\"target\":[\"https:\/\/espoocine.fi\/en\/info\/about-us-contact\/\"]}]},{\"@type\":\"BreadcrumbList\",\"@id\":\"https:\/\/espoocine.fi\/en\/info\/about-us-contact\/#breadcrumb\",\"itemListElement\":[{\"@type\":\"ListItem\",\"position\":1,\"name\":\"Home\",\"item\":\"https:\/\/espoocine.fi\/en\/\"},{\"@type\":\"ListItem\",\"position\":2,\"name\":\"Info\",\"item\":\"https:\/\/espoocine.fi\/en\/info\/\"},{\"@type\":\"ListItem\",\"position\":3,\"name\":\"About Us\"}]},{\"@type\":\"WebSite\",\"@id\":\"https:\/\/espoocine.fi\/en\/#website\",\"url\":\"https:\/\/espoocine.fi\/en\/\",\"name\":\"Espoo Cin\u00e9\",\"description\":\"\",\"publisher\":{\"@id\":\"https:\/\/espoocine.fi\/en\/#organization\"},\"potentialAction\":[{\"@type\":\"SearchAction\",\"target\":{\"@type\":\"EntryPoint\",\"urlTemplate\":\"https:\/\/espoocine.fi\/en\/?s={search_term_string}\"},\"query-input\":{\"@type\":\"PropertyValueSpecification\",\"valueRequired\":true,\"valueName\":\"search_term_string\"}}],\"inLanguage\":\"en-US\"},{\"@type\":\"Organization\",\"@id\":\"https:\/\/espoocine.fi\/en\/#organization\",\"name\":\"Espoo Cin\u00e9\",\"url\":\"https:\/\/espoocine.fi\/en\/\",\"logo\":{\"@type\":\"ImageObject\",\"inLanguage\":\"en-US\",\"@id\":\"https:\/\/espoocine.fi\/en\/#\/schema\/logo\/image\/\",\"url\":\"https:\/\/espoocine.fi\/wp-content\/uploads\/2025\/07\/EC_logo_Icon_BP-copy.png\",\"contentUrl\":\"https:\/\/espoocine.fi\/wp-content\/uploads\/2025\/07\/EC_logo_Icon_BP-copy.png\",\"width\":613,\"height\":278,\"caption\":\"Espoo Cin\u00e9\"},\"image\":{\"@id\":\"https:\/\/espoocine.fi\/en\/#\/schema\/logo\/image\/\"},\"sameAs\":[\"https:\/\/www.facebook.com\/espoocine\/\",\"https:\/\/www.instagram.com\/espoocine\/\",\"https:\/\/letterboxd.com\/espoocine\/\"]}]}<\/script>\n<!-- \/ Yoast SEO plugin. -->","yoast_head_json":{"title":"About Us - Espoo Cin\u00e9","robots":{"index":"index","follow":"follow","max-snippet":"max-snippet:-1","max-image-preview":"max-image-preview:large","max-video-preview":"max-video-preview:-1"},"canonical":"https:\/\/espoocine.fi\/en\/info\/about-us-contact\/","og_locale":"en_US","og_type":"article","og_title":"About Us - Espoo Cin\u00e9","og_url":"https:\/\/espoocine.fi\/en\/info\/about-us-contact\/","og_site_name":"Espoo Cin\u00e9","article_publisher":"https:\/\/www.facebook.com\/espoocine\/","article_modified_time":"2026-04-07T10:14:09+00:00","og_image":[{"width":1200,"height":631,"url":"https:\/\/espoocine.fi\/wp-content\/uploads\/2025\/07\/EspooCine_web_listakuva_1200x631.png","type":"image\/png"}],"twitter_card":"summary_large_image","twitter_misc":{"Est. reading time":"1 minute"},"schema":{"@context":"https:\/\/schema.org","@graph":[{"@type":"WebPage","@id":"https:\/\/espoocine.fi\/en\/info\/about-us-contact\/","url":"https:\/\/espoocine.fi\/en\/info\/about-us-contact\/","name":"About Us - Espoo Cin\u00e9","isPartOf":{"@id":"https:\/\/espoocine.fi\/en\/#website"},"datePublished":"2025-06-09T03:48:49+00:00","dateModified":"2026-04-07T10:14:09+00:00","breadcrumb":{"@id":"https:\/\/espoocine.fi\/en\/info\/about-us-contact\/#breadcrumb"},"inLanguage":"en-US","potentialAction":[{"@type":"ReadAction","target":["https:\/\/espoocine.fi\/en\/info\/about-us-contact\/"]}]},{"@type":"BreadcrumbList","@id":"https:\/\/espoocine.fi\/en\/info\/about-us-contact\/#breadcrumb","itemListElement":[{"@type":"ListItem","position":1,"name":"Home","item":"https:\/\/espoocine.fi\/en\/"},{"@type":"ListItem","position":2,"name":"Info","item":"https:\/\/espoocine.fi\/en\/info\/"},{"@type":"ListItem","position":3,"name":"About Us"}]},{"@type":"WebSite","@id":"https:\/\/espoocine.fi\/en\/#website","url":"https:\/\/espoocine.fi\/en\/","name":"Espoo Cin\u00e9","description":"","publisher":{"@id":"https:\/\/espoocine.fi\/en\/#organization"},"potentialAction":[{"@type":"SearchAction","target":{"@type":"EntryPoint","urlTemplate":"https:\/\/espoocine.fi\/en\/?s={search_term_string}"},"query-input":{"@type":"PropertyValueSpecification","valueRequired":true,"valueName":"search_term_string"}}],"inLanguage":"en-US"},{"@type":"Organization","@id":"https:\/\/espoocine.fi\/en\/#organization","name":"Espoo Cin\u00e9","url":"https:\/\/espoocine.fi\/en\/","logo":{"@type":"ImageObject","inLanguage":"en-US","@id":"https:\/\/espoocine.fi\/en\/#\/schema\/logo\/image\/","url":"https:\/\/espoocine.fi\/wp-content\/uploads\/2025\/07\/EC_logo_Icon_BP-copy.png","contentUrl":"https:\/\/espoocine.fi\/wp-content\/uploads\/2025\/07\/EC_logo_Icon_BP-copy.png","width":613,"height":278,"caption":"Espoo Cin\u00e9"},"image":{"@id":"https:\/\/espoocine.fi\/en\/#\/schema\/logo\/image\/"},"sameAs":["https:\/\/www.facebook.com\/espoocine\/","https:\/\/www.instagram.com\/espoocine\/","https:\/\/letterboxd.com\/espoocine\/"]}]}},"_links":{"self":[{"href":"https:\/\/espoocine.fi\/en\/wp-json\/wp\/v2\/pages\/999","targetHints":{"allow":["GET"]}}],"collection":[{"href":"https:\/\/espoocine.fi\/en\/wp-json\/wp\/v2\/pages"}],"about":[{"href":"https:\/\/espoocine.fi\/en\/wp-json\/wp\/v2\/types\/page"}],"author":[{"embeddable":true,"href":"https:\/\/espoocine.fi\/en\/wp-json\/wp\/v2\/users\/3"}],"replies":[{"embeddable":true,"href":"https:\/\/espoocine.fi\/en\/wp-json\/wp\/v2\/comments?post=999"}],"version-history":[{"count":29,"href":"https:\/\/espoocine.fi\/en\/wp-json\/wp\/v2\/pages\/999\/revisions"}],"predecessor-version":[{"id":3423,"href":"https:\/\/espoocine.fi\/en\/wp-json\/wp\/v2\/pages\/999\/revisions\/3423"}],"up":[{"embeddable":true,"href":"https:\/\/espoocine.fi\/en\/wp-json\/wp\/v2\/pages\/995"}],"wp:attachment":[{"href":"https:\/\/espoocine.fi\/en\/wp-json\/wp\/v2\/media?parent=999"}],"curies":[{"name":"wp","href":"https:\/\/api.w.org\/{rel}","templated":true}]}}